{"id":5721,"date":"2023-08-29T11:16:55","date_gmt":"2023-08-29T09:16:55","guid":{"rendered":"https:\/\/www.petit-jardin.com\/our-history\/"},"modified":"2024-04-10T10:40:19","modified_gmt":"2024-04-10T08:40:19","slug":"our-history","status":"publish","type":"page","link":"https:\/\/www.petit-jardin.com\/en\/our-history\/","title":{"rendered":"Our story"},"content":{"rendered":"\t\t<div data-elementor-type=\"wp-page\" data-elementor-id=\"5721\" class=\"elementor elementor-5721 elementor-27\" data-elementor-post-type=\"page\">\n\t\t\t\t\t\t<section class=\"elementor-section elementor-top-section elementor-element elementor-element-b7dbbb0 elementor-section-boxed elementor-section-height-default elementor-section-height-default\" data-id=\"b7dbbb0\" data-element_type=\"section\" data-e-type=\"section\" data-settings=\"{&quot;background_background&quot;:&quot;classic&quot;}\">\n\t\t\t\t\t\t\t<div class=\"elementor-background-overlay\"><\/div>\n\t\t\t\t\t\t\t<div class=\"elementor-container elementor-column-gap-default\">\n\t\t\t\t\t<div class=\"elementor-column elementor-col-100 elementor-top-column elementor-element elementor-element-73edbb51\" data-id=\"73edbb51\" data-element_type=\"column\" data-e-type=\"column\">\n\t\t\t<div class=\"elementor-widget-wrap elementor-element-populated\">\n\t\t\t\t\t\t<section class=\"elementor-section elementor-inner-section elementor-element elementor-element-6b9fc5f elementor-section-boxed elementor-section-height-default elementor-section-height-default\" data-id=\"6b9fc5f\" data-element_type=\"section\" data-e-type=\"section\">\n\t\t\t\t\t\t<div class=\"elementor-container elementor-column-gap-default\">\n\t\t\t\t\t<div class=\"elementor-column elementor-col-100 elementor-inner-column elementor-element elementor-element-ffc3816\" data-id=\"ffc3816\" data-element_type=\"column\" data-e-type=\"column\">\n\t\t\t<div class=\"elementor-widget-wrap elementor-element-populated\">\n\t\t\t\t\t\t<div class=\"elementor-element elementor-element-f0867b7 text-left elementor-widget__width-initial elementor-widget-mobile__width-initial elementor-widget-laptop__width-initial elementor-widget elementor-widget-tp-heading-title\" data-id=\"f0867b7\" data-element_type=\"widget\" data-e-type=\"widget\" data-widget_type=\"tp-heading-title.default\">\n\t\t\t\t<div class=\"elementor-widget-container\">\n\t\t\t\t\t<div class=\"heading heading_style heading_style69f0f17c5f7b3 style-1 \"  data-tp-gsap-heading-text=\"\" data-tp-gsap-sub-heading-text=\"\"><div class=\"sub-style \"  ><div class=\"head-title \" > <h1  class=\"heading-title   \"   data-hover=\"THE STORY\"><span class=\"title-s \"> LE PETIT JARDIN, <br> <\/span>THE STORY<\/h1><\/div><\/div><\/div>\t\t\t\t<\/div>\n\t\t\t\t<\/div>\n\t\t\t\t\t<\/div>\n\t\t<\/div>\n\t\t\t\t\t<\/div>\n\t\t<\/section>\n\t\t\t\t<section class=\"elementor-section elementor-inner-section elementor-element elementor-element-b74f127 elementor-section-boxed elementor-section-height-default elementor-section-height-default\" data-id=\"b74f127\" data-element_type=\"section\" data-e-type=\"section\">\n\t\t\t\t\t\t<div class=\"elementor-container elementor-column-gap-default\">\n\t\t\t\t\t<div class=\"elementor-column elementor-col-50 elementor-inner-column elementor-element elementor-element-f792f8b\" data-id=\"f792f8b\" data-element_type=\"column\" data-e-type=\"column\">\n\t\t\t<div class=\"elementor-widget-wrap elementor-element-populated\">\n\t\t\t\t\t\t<div class=\"elementor-element elementor-element-a5743aa elementor-widget elementor-widget-image\" data-id=\"a5743aa\" data-element_type=\"widget\" data-e-type=\"widget\" data-settings=\"{&quot;_animation_laptop&quot;:&quot;fadeIn&quot;}\" data-widget_type=\"image.default\">\n\t\t\t\t<div class=\"elementor-widget-container\">\n\t\t\t\t\t\t\t\t\t\t\t\t\t\t\t<img fetchpriority=\"high\" decoding=\"async\" width=\"1144\" height=\"1144\" src=\"https:\/\/www.petit-jardin.com\/wp-content\/uploads\/2023\/09\/clement-geudre-petit-jardin.jpg\" class=\"attachment-full size-full wp-image-875\" alt=\"\" srcset=\"https:\/\/www.petit-jardin.com\/wp-content\/uploads\/2023\/09\/clement-geudre-petit-jardin.jpg 1144w, https:\/\/www.petit-jardin.com\/wp-content\/uploads\/2023\/09\/clement-geudre-petit-jardin-300x300.jpg 300w, https:\/\/www.petit-jardin.com\/wp-content\/uploads\/2023\/09\/clement-geudre-petit-jardin-100x100.jpg 100w, https:\/\/www.petit-jardin.com\/wp-content\/uploads\/2023\/09\/clement-geudre-petit-jardin-600x600.jpg 600w, https:\/\/www.petit-jardin.com\/wp-content\/uploads\/2023\/09\/clement-geudre-petit-jardin-1024x1024.jpg 1024w, https:\/\/www.petit-jardin.com\/wp-content\/uploads\/2023\/09\/clement-geudre-petit-jardin-150x150.jpg 150w, https:\/\/www.petit-jardin.com\/wp-content\/uploads\/2023\/09\/clement-geudre-petit-jardin-768x768.jpg 768w, https:\/\/www.petit-jardin.com\/wp-content\/uploads\/2023\/09\/clement-geudre-petit-jardin-700x700.jpg 700w\" sizes=\"(max-width: 1144px) 100vw, 1144px\" \/>\t\t\t\t\t\t\t\t\t\t\t\t\t\t\t<\/div>\n\t\t\t\t<\/div>\n\t\t\t\t<div class=\"elementor-element elementor-element-5bf0f0a elementor-widget__width-initial elementor-widget-mobile__width-initial elementor-view-default elementor-widget elementor-widget-icon\" data-id=\"5bf0f0a\" data-element_type=\"widget\" data-e-type=\"widget\" data-widget_type=\"icon.default\">\n\t\t\t\t<div class=\"elementor-widget-container\">\n\t\t\t\t\t\t\t<div class=\"elementor-icon-wrapper\">\n\t\t\t<div class=\"elementor-icon\">\n\t\t\t<svg xmlns=\"http:\/\/www.w3.org\/2000\/svg\" width=\"367\" height=\"260\" viewBox=\"0 0 367 260\">\u00a0 <path id=\"Color_Overlay\" data-name=\"Color Overlay\" d=\"M2711.292,4753.273a113.1,113.1,0,0,0,38-19,142.888,142.888,0,0,0,29-29.5,122.989,122.989,0,0,0,18-35.5,89.2,89.2,0,0,0,4-37h-58a98.624,98.624,0,0,1-13-25q-5-14-5-25a105.244,105.244,0,0,1,5-32.5,110.433,110.433,0,0,1,13-27.5h112q16,37,18,71,0,57-21.5,95.5t-53,62a175.529,175.529,0,0,1-68.5,31.5Zm-206,0a113.113,113.113,0,0,0,38-19,142.925,142.925,0,0,0,29-29.5,122.985,122.985,0,0,0,18-35.5,89.181,89.181,0,0,0,4-37h-58a98.616,98.616,0,0,1-13-25q-5-14-5-25a105.207,105.207,0,0,1,5-32.5,110.425,110.425,0,0,1,13-27.5h112q16,37,18,71,0,57-21.5,95.5t-53,62a175.529,175.529,0,0,1-68.5,31.5Z\" transform=\"translate(-2505.292 -4522.273)\" fill=\"#9a851a\"><\/path><\/svg>\t\t\t<\/div>\n\t\t<\/div>\n\t\t\t\t\t\t<\/div>\n\t\t\t\t<\/div>\n\t\t\t\t\t<\/div>\n\t\t<\/div>\n\t\t\t\t<div class=\"elementor-column elementor-col-50 elementor-inner-column elementor-element elementor-element-72b24f6\" data-id=\"72b24f6\" data-element_type=\"column\" data-e-type=\"column\">\n\t\t\t<div class=\"elementor-widget-wrap elementor-element-populated\">\n\t\t\t\t\t\t<div class=\"elementor-element elementor-element-16b84745 elementor-widget__width-initial elementor-widget-laptop__width-initial elementor-widget elementor-widget-heading\" data-id=\"16b84745\" data-element_type=\"widget\" data-e-type=\"widget\" data-settings=\"{&quot;_animation_laptop&quot;:&quot;fadeIn&quot;}\" data-widget_type=\"heading.default\">\n\t\t\t\t<div class=\"elementor-widget-container\">\n\t\t\t\t\t<h2 class=\"elementor-heading-title elementor-size-default\">CL\u00c9MENT GUEUDR\u00c9, PASSIONATE ABOUT THE TERROIR AND HEAD CHEF AT A MONTPELLIER HOTSPOT<\/h2>\t\t\t\t<\/div>\n\t\t\t\t<\/div>\n\t\t\t\t<div class=\"elementor-element elementor-element-0b60d06 elementor-widget__width-initial elementor-widget-mobile__width-inherit elementor-widget elementor-widget-text-editor\" data-id=\"0b60d06\" data-element_type=\"widget\" data-e-type=\"widget\" data-settings=\"{&quot;_animation_laptop&quot;:&quot;fadeIn&quot;}\" data-widget_type=\"text-editor.default\">\n\t\t\t\t<div class=\"elementor-widget-container\">\n\t\t\t\t\t\t\t\t\t<p>&#8220;I come from a family in Pas-de-Calais. At home we were always having big meals, with lots of people around the table. I remember my grandmother&#8217;s dishes simmering for hours.&#8221;<\/p>\n<p>It was only natural that he went on to train at a hotel school. Firstly in Saint-Ch\u00e9ly-d&#8217;Apcher (48), before moving on to some of Lyon&#8217;s finest establishments. From La Villa Florentine Relais &amp; Ch\u00e2teaux to H\u00f4tel Lyon M\u00e9tropole and on to Domaine le Lyon Vert, owned by the Partouche group. He joined the Petit Jardin brigade in 2020. &#8220;I came back to the south with the idea of having my own restaurant. When I arrived here, I immediately fell in love with the place. After two years as head chef, I wanted to become the owner&#8221;. Today, he asserts his taste for straightforward cooking, reflecting his love of the terroir and good produce.<\/p>\n\t\t\t\t\t\t\t\t<\/div>\n\t\t\t\t<\/div>\n\t\t\t\t\t<\/div>\n\t\t<\/div>\n\t\t\t\t\t<\/div>\n\t\t<\/section>\n\t\t\t\t\t<\/div>\n\t\t<\/div>\n\t\t\t\t\t<\/div>\n\t\t<\/section>\n\t\t\t\t<section class=\"elementor-section elementor-top-section elementor-element elementor-element-b47dd66 elementor-section-boxed elementor-section-height-default elementor-section-height-default\" data-id=\"b47dd66\" data-element_type=\"section\" data-e-type=\"section\">\n\t\t\t\t\t\t<div class=\"elementor-container elementor-column-gap-default\">\n\t\t\t\t\t<div class=\"elementor-column elementor-col-100 elementor-top-column elementor-element elementor-element-b5352c1\" data-id=\"b5352c1\" data-element_type=\"column\" data-e-type=\"column\">\n\t\t\t<div class=\"elementor-widget-wrap elementor-element-populated\">\n\t\t\t\t\t\t<div class=\"elementor-element elementor-element-38481ba elementor-widget__width-initial elementor-widget-mobile__width-inherit elementor-widget-tablet__width-inherit elementor-widget elementor-widget-text-editor\" data-id=\"38481ba\" data-element_type=\"widget\" data-e-type=\"widget\" data-settings=\"{&quot;_animation_laptop&quot;:&quot;fadeIn&quot;}\" data-widget_type=\"text-editor.default\">\n\t\t\t\t<div class=\"elementor-widget-container\">\n\t\t\t\t\t\t\t\t\t<p>I do what I call cooking from the heart, like our grandmothers did. We work with products we love and that mean something to us. That makes us happy and it shows in our dishes.<\/p>\n\t\t\t\t\t\t\t\t<\/div>\n\t\t\t\t<\/div>\n\t\t\t\t\t<\/div>\n\t\t<\/div>\n\t\t\t\t\t<\/div>\n\t\t<\/section>\n\t\t\t\t<section class=\"elementor-section elementor-top-section elementor-element elementor-element-1adef62 elementor-section-full_width elementor-section-height-min-height elementor-section-height-default elementor-section-items-middle\" data-id=\"1adef62\" data-element_type=\"section\" data-e-type=\"section\" data-settings=\"{&quot;background_background&quot;:&quot;classic&quot;}\">\n\t\t\t\t\t\t<div class=\"elementor-container elementor-column-gap-default\">\n\t\t\t\t\t<div class=\"elementor-column elementor-col-100 elementor-top-column elementor-element elementor-element-ddbdf5b\" data-id=\"ddbdf5b\" data-element_type=\"column\" data-e-type=\"column\">\n\t\t\t<div class=\"elementor-widget-wrap elementor-element-populated\">\n\t\t\t\t\t\t<div class=\"elementor-element elementor-element-d33f909 elementor-widget__width-initial elementor-absolute elementor-hidden-mobile elementor-widget elementor-widget-image\" data-id=\"d33f909\" data-element_type=\"widget\" data-e-type=\"widget\" data-settings=\"{&quot;_position&quot;:&quot;absolute&quot;,&quot;motion_fx_motion_fx_scrolling&quot;:&quot;yes&quot;,&quot;motion_fx_translateX_effect&quot;:&quot;yes&quot;,&quot;motion_fx_translateX_speed&quot;:{&quot;unit&quot;:&quot;px&quot;,&quot;size&quot;:1,&quot;sizes&quot;:[]},&quot;motion_fx_translateX_affectedRange&quot;:{&quot;unit&quot;:&quot;%&quot;,&quot;size&quot;:&quot;&quot;,&quot;sizes&quot;:{&quot;start&quot;:0,&quot;end&quot;:54}},&quot;motion_fx_devices&quot;:[&quot;widescreen&quot;,&quot;desktop&quot;,&quot;laptop&quot;]}\" data-widget_type=\"image.default\">\n\t\t\t\t<div class=\"elementor-widget-container\">\n\t\t\t\t\t\t\t\t\t\t\t\t\t\t\t<img decoding=\"async\" src=\"https:\/\/www.petit-jardin.com\/wp-content\/uploads\/2023\/09\/oiseau-marron-droite.png\" title=\"oiseau-marron-droite\" alt=\"oiseau-marron-droite\" loading=\"lazy\" \/>\t\t\t\t\t\t\t\t\t\t\t\t\t\t\t<\/div>\n\t\t\t\t<\/div>\n\t\t\t\t<div class=\"elementor-element elementor-element-cf8470d elementor-widget elementor-widget-image\" data-id=\"cf8470d\" data-element_type=\"widget\" data-e-type=\"widget\" data-widget_type=\"image.default\">\n\t\t\t\t<div class=\"elementor-widget-container\">\n\t\t\t\t\t\t\t\t\t\t\t\t\t\t\t<img decoding=\"async\" src=\"https:\/\/www.petit-jardin.com\/wp-content\/uploads\/2023\/09\/feuilles-droite-cropped.png\" title=\"feuilles-droite-cropped\" alt=\"feuilles-droite-cropped\" loading=\"lazy\" \/>\t\t\t\t\t\t\t\t\t\t\t\t\t\t\t<\/div>\n\t\t\t\t<\/div>\n\t\t\t\t\t<\/div>\n\t\t<\/div>\n\t\t\t\t\t<\/div>\n\t\t<\/section>\n\t\t\t\t<section class=\"elementor-section elementor-top-section elementor-element elementor-element-5c8b59bd elementor-section-full_width elementor-section-height-default elementor-section-height-default\" data-id=\"5c8b59bd\" data-element_type=\"section\" data-e-type=\"section\">\n\t\t\t\t\t\t<div class=\"elementor-container elementor-column-gap-default\">\n\t\t\t\t\t<div class=\"elementor-column elementor-col-100 elementor-top-column elementor-element elementor-element-1e668f94\" data-id=\"1e668f94\" data-element_type=\"column\" data-e-type=\"column\">\n\t\t\t<div class=\"elementor-widget-wrap elementor-element-populated\">\n\t\t\t\t\t\t<section class=\"elementor-section elementor-inner-section elementor-element elementor-element-3625b1fe elementor-section-boxed elementor-section-height-default elementor-section-height-default\" data-id=\"3625b1fe\" data-element_type=\"section\" data-e-type=\"section\">\n\t\t\t\t\t\t<div class=\"elementor-container elementor-column-gap-default\">\n\t\t\t\t\t<div class=\"elementor-column elementor-col-50 elementor-inner-column elementor-element elementor-element-d0d5b4e\" data-id=\"d0d5b4e\" data-element_type=\"column\" data-e-type=\"column\">\n\t\t\t<div class=\"elementor-widget-wrap elementor-element-populated\">\n\t\t\t\t\t\t<div class=\"elementor-element elementor-element-c0bf35a elementor-widget__width-initial elementor-widget elementor-widget-spacer\" data-id=\"c0bf35a\" data-element_type=\"widget\" data-e-type=\"widget\" data-widget_type=\"spacer.default\">\n\t\t\t\t<div class=\"elementor-widget-container\">\n\t\t\t\t\t\t\t<div class=\"elementor-spacer\">\n\t\t\t<div class=\"elementor-spacer-inner\"><\/div>\n\t\t<\/div>\n\t\t\t\t\t\t<\/div>\n\t\t\t\t<\/div>\n\t\t\t\t\t<\/div>\n\t\t<\/div>\n\t\t\t\t<div class=\"elementor-column elementor-col-50 elementor-inner-column elementor-element elementor-element-6d2264c5\" data-id=\"6d2264c5\" data-element_type=\"column\" data-e-type=\"column\">\n\t\t\t<div class=\"elementor-widget-wrap elementor-element-populated\">\n\t\t\t\t\t\t<div class=\"elementor-element elementor-element-71c2563f elementor-widget__width-initial elementor-widget-laptop__width-initial elementor-widget-mobile__width-initial elementor-widget-tablet__width-initial elementor-widget elementor-widget-heading\" data-id=\"71c2563f\" data-element_type=\"widget\" data-e-type=\"widget\" data-widget_type=\"heading.default\">\n\t\t\t\t<div class=\"elementor-widget-container\">\n\t\t\t\t\t<h2 class=\"elementor-heading-title elementor-size-default\">A DESIRE TO MAKE EVERY MOMENT UNIQUE <\/h2>\t\t\t\t<\/div>\n\t\t\t\t<\/div>\n\t\t\t\t<div class=\"elementor-element elementor-element-3d1e6eef elementor-widget__width-initial elementor-widget-mobile__width-inherit elementor-widget elementor-widget-text-editor\" data-id=\"3d1e6eef\" data-element_type=\"widget\" data-e-type=\"widget\" data-widget_type=\"text-editor.default\">\n\t\t\t\t<div class=\"elementor-widget-container\">\n\t\t\t\t\t\t\t\t\t<p>Our commitment and guideline at Le Petit Jardin Group is simple: make every visit memorable. In our establishments, cuisine is about much more than just food. It&#8217;s an experience that thrills the taste buds, creates unforgettable memories, and turns every meal into a unique and special moment. Our vision is to offer warm hospitality and quality cuisine, so that every client feels privileged, on every visit. Our establishments are based on two fundamental values: good food and sharing. We do our utmost to use local producers, to guarantee quality ingredients while offering generous dishes prepared from the heart. We are also committed to offering a wide range of services and environments at our different establishments, so that you can enjoy an experience tailored to your every need and desire.<\/p>\n\t\t\t\t\t\t\t\t<\/div>\n\t\t\t\t<\/div>\n\t\t\t\t\t<\/div>\n\t\t<\/div>\n\t\t\t\t\t<\/div>\n\t\t<\/section>\n\t\t\t\t\t<\/div>\n\t\t<\/div>\n\t\t\t\t\t<\/div>\n\t\t<\/section>\n\t\t\t\t<\/div>\n\t\t","protected":false},"excerpt":{"rendered":"<p>LE PETIT JARDIN, THE STORY \u00a0 CL\u00c9MENT GUEUDR\u00c9, PASSIONATE ABOUT THE TERROIR AND HEAD CHEF AT A MONTPELLIER HOTSPOT &#8220;I come from a family in Pas-de-Calais. At home we were always having big meals, with lots of people around the table. I remember my grandmother&#8217;s dishes simmering for hours.&#8221; It was only natural that he [&hellip;]<\/p>\n","protected":false},"author":119,"featured_media":875,"parent":0,"menu_order":0,"comment_status":"closed","ping_status":"closed","template":"elementor_header_footer","meta":{"_seopress_robots_primary_cat":"","_seopress_titles_title":"The Petit Jardin group","_seopress_titles_desc":"Our commitment and guideline at Le Petit Jardin Group is simple: make every visit memorable. Cl\u00e9ment Gueudr\u00e9's passion and hospitality can be found in every one of his establishments. ","_seopress_robots_index":"","footnotes":""},"class_list":["post-5721","page","type-page","status-publish","has-post-thumbnail","hentry"],"_links":{"self":[{"href":"https:\/\/www.petit-jardin.com\/en\/wp-json\/wp\/v2\/pages\/5721","targetHints":{"allow":["GET"]}}],"collection":[{"href":"https:\/\/www.petit-jardin.com\/en\/wp-json\/wp\/v2\/pages"}],"about":[{"href":"https:\/\/www.petit-jardin.com\/en\/wp-json\/wp\/v2\/types\/page"}],"author":[{"embeddable":true,"href":"https:\/\/www.petit-jardin.com\/en\/wp-json\/wp\/v2\/users\/119"}],"replies":[{"embeddable":true,"href":"https:\/\/www.petit-jardin.com\/en\/wp-json\/wp\/v2\/comments?post=5721"}],"version-history":[{"count":14,"href":"https:\/\/www.petit-jardin.com\/en\/wp-json\/wp\/v2\/pages\/5721\/revisions"}],"predecessor-version":[{"id":6813,"href":"https:\/\/www.petit-jardin.com\/en\/wp-json\/wp\/v2\/pages\/5721\/revisions\/6813"}],"wp:featuredmedia":[{"embeddable":true,"href":"https:\/\/www.petit-jardin.com\/en\/wp-json\/wp\/v2\/media\/875"}],"wp:attachment":[{"href":"https:\/\/www.petit-jardin.com\/en\/wp-json\/wp\/v2\/media?parent=5721"}],"curies":[{"name":"wp","href":"https:\/\/api.w.org\/{rel}","templated":true}]}}